{"id":1122,"date":"2018-07-10T09:21:07","date_gmt":"2018-07-10T09:21:07","guid":{"rendered":"https:\/\/texiafinishing.com\/?page_id=1122"},"modified":"2021-05-17T14:02:09","modified_gmt":"2021-05-17T14:02:09","slug":"que-hacemos","status":"publish","type":"page","link":"https:\/\/texiafinishing.com\/es\/que-hacemos\/","title":{"rendered":"Qu\u00e9 hacemos"},"content":{"rendered":"<div class=\"wpb-content-wrapper\"><p>[vc_section][vc_row][vc_column][vc_single_image image=\u00bb1132&#8243; img_size=\u00bbfull\u00bb alignment=\u00bbcenter\u00bb][vc_raw_html el_id=\u00bbpreparacion-textil\u00bb]JTNDaDIlMjBjbGFzcyUzRCUyMmJsb2NrLXRpdGxlJTIyJTNFUHJlcGFyYWNpJUMzJUIzbiUyMHRleHRpbCUzQyUyRmgyJTNF[\/vc_raw_html][\/vc_column][\/vc_row][vc_row][vc_column width=\u00bb1\/2&#8243;][vc_column_text]<\/p>\n<h3><span style=\"font-weight: 400;\">Descrudado y desencolado<\/span><\/h3>\n<p><span style=\"font-weight: 400;\">Es el proceso mediante el cual se retira el agente encolante que se emplea durante el proceso de tejedur\u00eda, adem\u00e1s de retirar las impurezas naturales del algod\u00f3n.<\/span>[\/vc_column_text][vc_separator color=\u00bbcustom\u00bb accent_color=\u00bb#b3b3b3&#8243; css=\u00bb.vc_custom_1531216219616{margin-bottom: 40px !important;}\u00bb][vc_single_image image=\u00bb1143&#8243; img_size=\u00bbfull\u00bb][\/vc_column][vc_column width=\u00bb1\/2&#8243;][vc_column_text]<\/p>\n<h3><span style=\"font-weight: 400;\">Blanco Qu\u00edmico<\/span><\/h3>\n<p>Una vez desencolados y descrudados los tejidos, necesitan ser sometidos a un \u00faltimo proceso para acabar de retirar la suciedad que no ha sido removida en procesos anteriores.<\/p>\n<p>En TEXIA FINISHING usamos el per\u00f3xido de hidr\u00f3geno y la sosa c\u00e1ustica para darle al tejido un grado de blanco suficiente para posteriores procesos de tintura y estampaci\u00f3n.[\/vc_column_text][vc_separator color=\u00bbcustom\u00bb accent_color=\u00bb#b3b3b3&#8243;][vc_column_text]<\/p>\n<h3><span style=\"font-weight: 400;\">Mercerizado<\/span><\/h3>\n<p>Es el proceso mediante el cual se modifican las caracter\u00edsticas de la fibra de algod\u00f3n con sosa c\u00e1ustica consiguiendo mejorar la hidrofilidad, la resistencia, el brillo, el pilling y la facilidad de planchado, la estabilidad dimensional y la eficiencia en los procesos posteriores de tintura y estampaci\u00f3n.<\/p>\n<p>Recomendamos este tratamiento siempre que la composici\u00f3n del tejido sea mayoritariamente de algod\u00f3n.[\/vc_column_text][vc_separator color=\u00bbcustom\u00bb accent_color=\u00bb#b3b3b3&#8243;][vc_column_text]<\/p>\n<h3><span style=\"font-weight: 400;\">Blanco \u00d3ptico<\/span><\/h3>\n<p>Es el proceso por el cual se incorporan \u00f3pticos de algod\u00f3n o poli\u00e9ster sobre el tejido, previamente preparado, para obtener un m\u00e1ximo grado de blanco.[\/vc_column_text][\/vc_column][\/vc_row][\/vc_section][vc_section full_width=\u00bbstretch_row\u00bb css=\u00bb.vc_custom_1531216564352{background-color: #f5f5f5 !important;}\u00bb][vc_row][vc_column][vc_raw_html el_id=\u00bbacabados-textiles\u00bb]JTNDaDIlMjBjbGFzcyUzRCUyMmJsb2NrLXRpdGxlJTIyJTNFQWNhYmFkb3MlMjB0ZXh0aWxlcyUzQyUyRmgyJTNF[\/vc_raw_html][\/vc_column][\/vc_row][vc_row][vc_column width=\u00bb1\/2&#8243;][vc_column_text]<\/p>\n<h3>Acabados Qu\u00edmicos<\/h3>\n<p>A trav\u00e9s de la aplicaci\u00f3n de productos qu\u00edmicos se le confiere al tejido diferentes propiedades mec\u00e1nicas durante su uso, como el tacto, el cayente y el cuerpo. En TEXIA FINISHING realizamos los siguientes procesos qu\u00edmicos de acabados textiles:<\/p>\n<p><strong>Teflonado<\/strong>: el teflonado act\u00faa como antimanchas en base agua y base aceites (hidr\u00f3fobo y ole\u00f3fobo).<\/p>\n<p><strong>Suavizado<\/strong>: este tipo de acabado confiere un tacto suave en el tejido y consigue darle mas cayente al tejido que se pueden adaptar a las necesidades requeridas.<\/p>\n<p><strong>Apresto<\/strong>: el aprestado es un proceso cuya finalidad tiene dar un tacto con m\u00e1s cuerpo a los tejidos y con m\u00e1s rigidez.<\/p>\n<p><strong>Easy wear<\/strong>: este acabado confiere propiedades a los art\u00edculos textiles de forma que pueden lavarse con los tratamiento dom\u00e9sticos adecuados y una vez seco queda listo para su uso sin necesidad de planchado.<\/p>\n<p><strong>Easy care<\/strong>: Esta tecnolog\u00eda proporciona al tejido la capacidad de rechazar las manchas, evitando la absorci\u00f3n de las mismas y facilitando su posterior limpieza.[\/vc_column_text][\/vc_column][vc_column width=\u00bb1\/2&#8243;][vc_column_text]<\/p>\n<h3><span style=\"font-weight: 400;\">Acabados Mec\u00e1nicos<\/span><\/h3>\n<p>Las t\u00e9cnicas de acabado mec\u00e1nico brindan cambios en las caracter\u00edsticas f\u00edsicas de los tejidos (por ejemplo, textura, densidad, dureza, ancho, etc.). En TEXIA FINISHING realizamos los siguientes procesos mec\u00e1nicos de acabados textiles:<\/p>\n<p><strong>Sanfor<\/strong>: sanforizar los tejidos permite un encogimiento controlado para que quede lo m\u00e1s estable posible y no tenga encogimientos \u201caltos\u201d posteriores al lavado. das m\u00e1s cayente al tejido (tacto)<\/p>\n<p><strong>Calandra<\/strong>: este tipo de acabado confiere al tejido un muy suave tacto, alisado y un brillo sobre la superficie.<\/p>\n<p><strong>Tumbler<\/strong>: con este acabado conseguimos dar un aspecto envejecido al tejido, manteniendo todas las propiedades.[\/vc_column_text][vc_separator color=\u00bbcustom\u00bb accent_color=\u00bb#b3b3b3&#8243;][vc_single_image image=\u00bb1161&#8243; img_size=\u00bbfull\u00bb][\/vc_column][\/vc_row][\/vc_section][vc_section][vc_row][vc_column][vc_raw_html el_id=\u00bbestampados-textiles\u00bb]JTNDaDIlMjBjbGFzcyUzRCUyMmJsb2NrLXRpdGxlJTIyJTNFRXN0YW1wYWRvcyUyMHRleHRpbGVzJTNDJTJGaDIlM0U=[\/vc_raw_html][\/vc_column][\/vc_row][vc_row][vc_column width=\u00bb1\/2&#8243;][vc_single_image image=\u00bb1157&#8243; img_size=\u00bbfull\u00bb][\/vc_column][vc_column width=\u00bb1\/2&#8243;][vc_column_text]Disponemos de dos estampadoras rotativas, de 3 y 4 colores. Ambas estampadoras pueden estampar de forma simult\u00e1nea por ambas caras, en 1 y 2 colores respectivamente.<\/p>\n<p><span style=\"font-weight: 400;\">La <strong>estampaci\u00f3n a doble cara<\/strong> nos permite ser \u00fanicos en el sector. \u00c9sta tecnolog\u00eda \u00fanica nos permite desarrollar dise\u00f1os diferenciados. A modo de ejemplo, somos capaces de imitar camiser\u00eda de hilo tintado, consiguiendo sustanciales ventajas log\u00edsticas y de coste.<\/span>[\/vc_column_text][\/vc_column][\/vc_row][\/vc_section][vc_section full_width=\u00bbstretch_row\u00bb css=\u00bb.vc_custom_1531216564352{background-color: #f5f5f5 !important;}\u00bb][vc_row][vc_column][vc_raw_html el_id=\u00bbtintados-textiles\u00bb]JTNDaDIlMjBjbGFzcyUzRCUyMmJsb2NrLXRpdGxlJTIyJTNFVGludGFkb3MlMjB0ZXh0aWxlcyUzQyUyRmgyJTNF[\/vc_raw_html][\/vc_column][\/vc_row][vc_row el_class=\u00bbtintados-textiles\u00bb][vc_column width=\u00bb1\/2&#8243;][vc_column_text]<span style=\"font-weight: 400;\">En TEXIA FINISHING realizamos el proceso de tintura aplicada por foulard a la cont\u00ednua con pigmentos. El pigmento es ideal para colores p\u00e1lidos y medios para prendas infantiles.<\/span><\/p>\n<p><span style=\"font-weight: 400;\"> Excelente resistencia a la luz, al frote en h\u00famedo y en seco y se puede lavar con lej\u00eda.<\/span>[\/vc_column_text][\/vc_column][vc_column width=\u00bb1\/2&#8243;][vc_single_image image=\u00bb1165&#8243; img_size=\u00bbfull\u00bb][\/vc_column][\/vc_row][\/vc_section][vc_section][vc_row][vc_column][vc_raw_html el_id=\u00bbidi\u00bb]JTNDaDIlMjBjbGFzcyUzRCUyMmJsb2NrLXRpdGxlJTIyJTNFSSUyQkQlMkJJJTNDJTJGaDIlM0U=[\/vc_raw_html][\/vc_column][\/vc_row][vc_row el_class=\u00bbidi\u00bb][vc_column width=\u00bb1\/2&#8243;][vc_single_image image=\u00bb1169&#8243; img_size=\u00bbfull\u00bb][\/vc_column][vc_column width=\u00bb1\/2&#8243;][vc_column_text]Desarrollamos como colaboradores procesos tecnol\u00f3gicos, industriales y de nuevos productos para terceros. Muestra de ello tenemos el desarrollo de nuestras propios productos, los cuales comercializamos bajo 3 marcas propias: ROLLDRAP, MY DRAP y DAY DRAP. Productos \u00fanicos en el mercado con un importante recorrido.[\/vc_column_text][vc_raw_html el_class=\u00bbcont__link__button\u00bb]JTNDYSUyMGNsYXNzJTNEJTIybGluay1idXR0b24lMjIlMjBocmVmJTNEJTIyJTJGZXMlMkZpZGklMkYlMjIlM0VTYWJlciUyMG0lQzMlQTFzJTNDJTJGYSUzRQ==[\/vc_raw_html][\/vc_column][\/vc_row][\/vc_section]<\/p>\n<\/div>","protected":false},"excerpt":{"rendered":"<p>[vc_section][vc_row][vc_column][vc_single_image image=\u00bb1132&#8243; img_size=\u00bbfull\u00bb alignment=\u00bbcenter\u00bb][vc_raw_html el_id=\u00bbpreparacion-textil\u00bb]JTNDaDIlMjBjbGFzcyUzRCUyMmJsb2NrLXRpdGxlJTIyJTNFUHJlcGFyYWNpJUMzJUIzbiUyMHRleHRpbCUzQyUyRmgyJTNF[\/vc_raw_html][\/vc_column][\/vc_row][vc_row][vc_column width=\u00bb1\/2&#8243;][vc_column_text] Descrudado y desencolado Es el proceso mediante el cual se retira el agente encolante que se emplea durante el proceso de tejedur\u00eda, adem\u00e1s de retirar las impurezas naturales del algod\u00f3n.[\/vc_column_text][vc_separator color=\u00bbcustom\u00bb accent_color=\u00bb#b3b3b3&#8243; css=\u00bb.vc_custom_1531216219616{margin-bottom: 40px !important;}\u00bb][vc_single_image image=\u00bb1143&#8243; img_size=\u00bbfull\u00bb][\/vc_column][vc_column width=\u00bb1\/2&#8243;][vc_column_text] Blanco Qu\u00edmico Una vez desencolados y descrudados los tejidos, necesitan ser [&#8230;]<\/p>\n<p><a class=\"btn btn-secondary understrap-read-more-link\" href=\"https:\/\/texiafinishing.com\/es\/que-hacemos\/\">Leer m\u00e1s&#8230;<span class=\"screen-reader-text\"> from Qu\u00e9 hacemos<\/span><\/a><\/p>\n","protected":false},"author":1,"featured_media":0,"parent":0,"menu_order":0,"comment_status":"closed","ping_status":"closed","template":"","meta":{"_acf_changed":false,"footnotes":""},"class_list":["post-1122","page","type-page","status-publish","hentry"],"acf":[],"_links":{"self":[{"href":"https:\/\/texiafinishing.com\/es\/wp-json\/wp\/v2\/pages\/1122","targetHints":{"allow":["GET"]}}],"collection":[{"href":"https:\/\/texiafinishing.com\/es\/wp-json\/wp\/v2\/pages"}],"about":[{"href":"https:\/\/texiafinishing.com\/es\/wp-json\/wp\/v2\/types\/page"}],"author":[{"embeddable":true,"href":"https:\/\/texiafinishing.com\/es\/wp-json\/wp\/v2\/users\/1"}],"replies":[{"embeddable":true,"href":"https:\/\/texiafinishing.com\/es\/wp-json\/wp\/v2\/comments?post=1122"}],"version-history":[{"count":0,"href":"https:\/\/texiafinishing.com\/es\/wp-json\/wp\/v2\/pages\/1122\/revisions"}],"wp:attachment":[{"href":"https:\/\/texiafinishing.com\/es\/wp-json\/wp\/v2\/media?parent=1122"}],"curies":[{"name":"wp","href":"https:\/\/api.w.org\/{rel}","templated":true}]}}