{"id":1178,"date":"2018-07-10T10:56:38","date_gmt":"2018-07-10T10:56:38","guid":{"rendered":"http:\/\/texiafinishing.com\/?page_id=1178"},"modified":"2018-07-18T08:25:41","modified_gmt":"2018-07-18T08:25:41","slug":"quienes-somos","status":"publish","type":"page","link":"https:\/\/texiafinishing.com\/es\/quienes-somos\/","title":{"rendered":"Qui\u00e9nes somos"},"content":{"rendered":"<div class=\"wpb-content-wrapper\"><p>[vc_section][vc_row][vc_column][vc_single_image image=\u00bb1179&#8243; img_size=\u00bbfull\u00bb][\/vc_column][\/vc_row][vc_row][vc_column width=\u00bb1\/2&#8243;][vc_column_text]Texia Finishing es una f\u00e1brica de acabados textiles ubicada en Monistrol de Montserrat, Barcelona.[\/vc_column_text][vc_separator color=\u00bbcustom\u00bb accent_color=\u00bb#b3b3b3&#8243;][vc_column_text]<span style=\"font-weight: 400;\"><strong>En nuestros m\u00e1s de 100 a\u00f1os de actividad, nos hemos distinguido por ofrecer un servicio y una calidad ampliamente reconocida en el sector,<\/strong>\u00a0as\u00ed como procesos innovadores en los que somos \u00fanicos, como por ejemplo la estampaci\u00f3n rotativa a doble cara.<\/span>[\/vc_column_text][\/vc_column][vc_column width=\u00bb1\/2&#8243;][vc_column_text]<span style=\"font-weight: 400;\">Hace 25 a\u00f1os dimos un paso m\u00e1s y desarrollamos un concepto \u00fanico, productos textiles sin costuras. <\/span>[\/vc_column_text][vc_separator color=\u00bbcustom\u00bb accent_color=\u00bb#b3b3b3&#8243;][vc_column_text]<span style=\"font-weight: 400;\">Nuestro objetivo de futuro es seguir ofreciendo la rapidez y la calidad que nos caracteriza as\u00ed como seguir desarrollando productos innovadores que nos permitan seguir creciendo en un sector tan dif\u00edcil y competitivo como es el textil.<\/span>[\/vc_column_text][\/vc_column][\/vc_row][\/vc_section]<\/p>\n<\/div>","protected":false},"excerpt":{"rendered":"<p>[vc_section][vc_row][vc_column][vc_single_image image=\u00bb1179&#8243; img_size=\u00bbfull\u00bb][\/vc_column][\/vc_row][vc_row][vc_column width=\u00bb1\/2&#8243;][vc_column_text]Texia Finishing es una f\u00e1brica de acabados textiles ubicada en Monistrol de Montserrat, Barcelona.[\/vc_column_text][vc_separator color=\u00bbcustom\u00bb accent_color=\u00bb#b3b3b3&#8243;][vc_column_text]En nuestros m\u00e1s de 100 a\u00f1os de actividad, nos hemos distinguido por ofrecer un servicio y una calidad ampliamente reconocida en el sector,\u00a0as\u00ed como procesos innovadores en los que somos \u00fanicos, como por ejemplo la estampaci\u00f3n rotativa [&#8230;]<\/p>\n<p><a class=\"btn btn-secondary understrap-read-more-link\" href=\"https:\/\/texiafinishing.com\/es\/quienes-somos\/\">Leer m\u00e1s&#8230;<span class=\"screen-reader-text\"> from Qui\u00e9nes somos<\/span><\/a><\/p>\n","protected":false},"author":1,"featured_media":0,"parent":0,"menu_order":0,"comment_status":"closed","ping_status":"closed","template":"","meta":{"_acf_changed":false,"footnotes":""},"class_list":["post-1178","page","type-page","status-publish","hentry"],"acf":[],"_links":{"self":[{"href":"https:\/\/texiafinishing.com\/es\/wp-json\/wp\/v2\/pages\/1178","targetHints":{"allow":["GET"]}}],"collection":[{"href":"https:\/\/texiafinishing.com\/es\/wp-json\/wp\/v2\/pages"}],"about":[{"href":"https:\/\/texiafinishing.com\/es\/wp-json\/wp\/v2\/types\/page"}],"author":[{"embeddable":true,"href":"https:\/\/texiafinishing.com\/es\/wp-json\/wp\/v2\/users\/1"}],"replies":[{"embeddable":true,"href":"https:\/\/texiafinishing.com\/es\/wp-json\/wp\/v2\/comments?post=1178"}],"version-history":[{"count":0,"href":"https:\/\/texiafinishing.com\/es\/wp-json\/wp\/v2\/pages\/1178\/revisions"}],"wp:attachment":[{"href":"https:\/\/texiafinishing.com\/es\/wp-json\/wp\/v2\/media?parent=1178"}],"curies":[{"name":"wp","href":"https:\/\/api.w.org\/{rel}","templated":true}]}}