{"id":1189,"date":"2018-07-10T11:09:58","date_gmt":"2018-07-10T11:09:58","guid":{"rendered":"https:\/\/texiafinishing.com\/?page_id=1189"},"modified":"2023-04-20T14:09:37","modified_gmt":"2023-04-20T14:09:37","slug":"sostenibilidad","status":"publish","type":"page","link":"https:\/\/texiafinishing.com\/es\/sostenibilidad\/","title":{"rendered":"Sostenibilidad"},"content":{"rendered":"<div class=\"wpb-content-wrapper\"><p>[vc_section][vc_row][vc_column][vc_single_image image=\u00bb1190&#8243; img_size=\u00bbfull\u00bb][\/vc_column][\/vc_row][vc_row][vc_column width=\u00bb1\/2&#8243;][vc_column_text]TEXIA FINISHING trabaja la sostenibilidad y el medio ambiente de la siguiente forma:[\/vc_column_text][vc_separator color=\u00bbcustom\u00bb accent_color=\u00bb#b3b3b3&#8243;][vc_column_text]<\/p>\n<h3>Planta de depuraci\u00f3n<\/h3>\n<p><span style=\"font-weight: 400;\">Tenemos en nuestras instalaciones una planta de depuraci\u00f3n biol\u00f3gica y fisicoqu\u00edmica, este tipo de depuraci\u00f3n separa el residuo del agua en forma de fango. Dicho fango es entregado a una empresa de reciclaje que lo aprovecha para otros usos.<\/span><\/p>\n<p><span style=\"font-weight: 400;\">De esta manera, TEXIA FINISHING no tira agua residual en ning\u00fano de los casos a r\u00edos<\/span>[\/vc_column_text][vc_column_text]<\/p>\n<h3>Productos qu\u00edmicos<\/h3>\n<p>TEXIA FINISHING posee el certificado STANDARD 100 by OEKO-TEX, Ap\u00e9ndice 4, clase de productos I, mostrando que cumplimos los requisitos ecol\u00f3gico-humanos del STANDARD 100 by OEKO-TEX, actualmente establecidos en el Ap\u00e9ndice 4 para art\u00edculos de beb\u00e9.<\/p>\n<p>Adem\u00e1s, actualmente estamos en desarrollo de nuevos productos que tienen como objetivo que \u00e9stos puedan ser 100% reciclables[\/vc_column_text][\/vc_column][vc_column width=\u00bb1\/2&#8243;][vc_single_image image=\u00bb1402&#8243; img_size=\u00bbfull\u00bb][\/vc_column][\/vc_row][\/vc_section][vc_row][vc_column][vc_separator color=\u00bbwhite\u00bb][\/vc_column][\/vc_row]<\/p>\n<\/div>","protected":false},"excerpt":{"rendered":"<p>[vc_section][vc_row][vc_column][vc_single_image image=\u00bb1190&#8243; img_size=\u00bbfull\u00bb][\/vc_column][\/vc_row][vc_row][vc_column width=\u00bb1\/2&#8243;][vc_column_text]TEXIA FINISHING trabaja la sostenibilidad y el medio ambiente de la siguiente forma:[\/vc_column_text][vc_separator color=\u00bbcustom\u00bb accent_color=\u00bb#b3b3b3&#8243;][vc_column_text] Planta de depuraci\u00f3n Tenemos en nuestras instalaciones una planta de depuraci\u00f3n biol\u00f3gica y fisicoqu\u00edmica, este tipo de depuraci\u00f3n separa el residuo del agua en forma de fango. Dicho fango es entregado a una empresa de reciclaje que [&#8230;]<\/p>\n<p><a class=\"btn btn-secondary understrap-read-more-link\" href=\"https:\/\/texiafinishing.com\/es\/sostenibilidad\/\">Leer m\u00e1s&#8230;<span class=\"screen-reader-text\"> from Sostenibilidad<\/span><\/a><\/p>\n","protected":false},"author":1,"featured_media":0,"parent":0,"menu_order":0,"comment_status":"closed","ping_status":"closed","template":"","meta":{"_acf_changed":false,"footnotes":""},"class_list":["post-1189","page","type-page","status-publish","hentry"],"acf":[],"_links":{"self":[{"href":"https:\/\/texiafinishing.com\/es\/wp-json\/wp\/v2\/pages\/1189","targetHints":{"allow":["GET"]}}],"collection":[{"href":"https:\/\/texiafinishing.com\/es\/wp-json\/wp\/v2\/pages"}],"about":[{"href":"https:\/\/texiafinishing.com\/es\/wp-json\/wp\/v2\/types\/page"}],"author":[{"embeddable":true,"href":"https:\/\/texiafinishing.com\/es\/wp-json\/wp\/v2\/users\/1"}],"replies":[{"embeddable":true,"href":"https:\/\/texiafinishing.com\/es\/wp-json\/wp\/v2\/comments?post=1189"}],"version-history":[{"count":0,"href":"https:\/\/texiafinishing.com\/es\/wp-json\/wp\/v2\/pages\/1189\/revisions"}],"wp:attachment":[{"href":"https:\/\/texiafinishing.com\/es\/wp-json\/wp\/v2\/media?parent=1189"}],"curies":[{"name":"wp","href":"https:\/\/api.w.org\/{rel}","templated":true}]}}