{"id":1203,"date":"2018-07-10T11:20:28","date_gmt":"2018-07-10T11:20:28","guid":{"rendered":"https:\/\/texiafinishing.com\/?page_id=1203"},"modified":"2025-09-08T13:27:02","modified_gmt":"2025-09-08T13:27:02","slug":"certificados","status":"publish","type":"page","link":"https:\/\/texiafinishing.com\/es\/certificados\/","title":{"rendered":"Certificados"},"content":{"rendered":"<div class=\"wpb-content-wrapper\"><p>[vc_section el_id=\u00bbblk-certificados-landing\u00bb css=\u00bb.vc_custom_1531229437719{margin-bottom: 80px !important;}\u00bb][vc_row][vc_column][vc_single_image image=\u00bb1123&#8243; img_size=\u00bbfull\u00bb][\/vc_column][\/vc_row][vc_row][vc_column width=\u00bb1\/2&#8243;][vc_single_image image=\u00bb1651&#8243; img_size=\u00bb250&#215;56&#8243; alignment=\u00bbcenter\u00bb onclick=\u00bbcustom_link\u00bb link=\u00bb#\u00bb][vc_column_text css=\u00bb\u00bb el_class=\u00bblink-download\u00bb]<a href=\"http:\/\/texiafinishing.com\/wp-content\/uploads\/Innovador-Proceso-de-Corte-Longitudinal-por-Vision-Artificial-aplicado-al-Proceso-de-Fabricacion-de-Producto-Propio-de-TEXIA-FINISHING-S.A-1-1.pdf\" target=\"_blank\" rel=\"noopener\">DESCARGAR PDF<\/a>[\/vc_column_text][vc_column_text css=\u00bb\u00bb]<\/p>\n<p style=\"text-align: center;\">Innovador Proceso de Corte Longitudinal por Visi\u00f3n Artificial aplicado al Proceso de Fabricaci\u00f3n de Producto Propio de TEXIA FINISHING, S.A<\/p>\n<p>[\/vc_column_text][\/vc_column][vc_column width=\u00bb1\/2&#8243;][vc_single_image image=\u00bb1104&#8243; alignment=\u00bbcenter\u00bb onclick=\u00bbcustom_link\u00bb link=\u00bb#\u00bb][vc_column_text]<\/p>\n<p style=\"text-align: center;\">REACH<\/p>\n<p>[\/vc_column_text][\/vc_column][\/vc_row][vc_row][vc_column width=\u00bb1\/2&#8243;][vc_single_image image=\u00bb2170&#8243; img_size=\u00bb250&#215;56&#8243; alignment=\u00bbcenter\u00bb onclick=\u00bbcustom_link\u00bb link=\u00bb#\u00bb][vc_column_text el_class=\u00bblink-download\u00bb]<a href=\"http:\/\/texiafinishing.com\/wp-content\/uploads\/CE-11331-TEXIA-FINISHING.pdf\" target=\"_blank\" rel=\"noopener\">DESCARGAR PDF<\/a>[\/vc_column_text][vc_column_text]<\/p>\n<p style=\"text-align: center;\">Certificado Mascarillas de protecci\u00f3n<\/p>\n<p>[\/vc_column_text][\/vc_column][vc_column width=\u00bb1\/2&#8243;][vc_single_image image=\u00bb2825&#8243; img_size=\u00bb250&#215;56&#8243; alignment=\u00bbcenter\u00bb onclick=\u00bbcustom_link\u00bb link=\u00bb#\u00bb][vc_column_text el_class=\u00bblink-download\u00bb]<a href=\"http:\/\/texiafinishing.com\/wp-content\/uploads\/subvencio-idae-2018-cartel.pdf\" target=\"_blank\" rel=\"noopener\">DESCARGAR PDF<\/a>[\/vc_column_text][vc_column_text]<\/p>\n<p style=\"text-align: center;\">Mejora de la eficiencia energ\u00e9tica en la l\u00ednea de mercerizado<\/p>\n<p>[\/vc_column_text][\/vc_column][\/vc_row][vc_row][vc_column width=\u00bb1\/2&#8243;][vc_single_image image=\u00bb3045&#8243; img_size=\u00bbfull\u00bb alignment=\u00bbcenter\u00bb onclick=\u00bbcustom_link\u00bb link=\u00bb#\u00bb][vc_column_text]<\/p>\n<p style=\"text-align: center;\">Standard 100 by OEKO-TEX\u00ae<\/p>\n<p>[\/vc_column_text][\/vc_column][vc_column width=\u00bb1\/2&#8243;][vc_single_image image=\u00bb1098&#8243; img_size=\u00bbfull\u00bb alignment=\u00bbcenter\u00bb onclick=\u00bbcustom_link\u00bb link=\u00bb#\u00bb][vc_column_text]<\/p>\n<p style=\"text-align: center;\">EQA Certificado I+D+I<strong><br \/>\n<\/strong><\/p>\n<p>[\/vc_column_text][\/vc_column][\/vc_row][vc_row][vc_column width=\u00bb1\/2&#8243;][vc_single_image image=\u00bb2864&#8243; img_size=\u00bb250&#215;56&#8243; alignment=\u00bbcenter\u00bb onclick=\u00bbcustom_link\u00bb link=\u00bb#\u00bb][vc_column_text el_class=\u00bblink-download\u00bb]<a href=\"http:\/\/texiafinishing.com\/wp-content\/uploads\/subv_ec_arc_2018_esp.pdf\" target=\"_blank\" rel=\"noopener\">DESCARGAR PDF<\/a>[\/vc_column_text][vc_column_text]<\/p>\n<p style=\"text-align: center;\">Aprovechamiento de los residuos textiles<\/p>\n<p>[\/vc_column_text][\/vc_column][vc_column width=\u00bb1\/2&#8243;][vc_single_image image=\u00bb2864&#8243; img_size=\u00bb250&#215;56&#8243; alignment=\u00bbcenter\u00bb onclick=\u00bbcustom_link\u00bb link=\u00bb#\u00bb][vc_column_text el_class=\u00bblink-download\u00bb]<a href=\"http:\/\/texiafinishing.com\/wp-content\/uploads\/2018_ARCPRE_PUBLI.pdf\" target=\"_blank\" rel=\"noopener\">DESCARGAR PDF<\/a>[\/vc_column_text][vc_column_text]<\/p>\n<p style=\"text-align: center;\">Prevenci\u00f3n de los residuos textiles<\/p>\n<p>[\/vc_column_text][\/vc_column][\/vc_row][vc_row][vc_column width=\u00bb1\/2&#8243;][vc_single_image image=\u00bb1908&#8243; img_size=\u00bbfull\u00bb alignment=\u00bbcenter\u00bb onclick=\u00bbcustom_link\u00bb link=\u00bb#\u00bb][vc_column_text]<\/p>\n<p style=\"text-align: center;\">GOTS<strong><br \/>\n<\/strong><\/p>\n<p>[\/vc_column_text][\/vc_column][vc_column width=\u00bb1\/2&#8243;][vc_single_image image=\u00bb2864&#8243; img_size=\u00bb250&#215;56&#8243; alignment=\u00bbcenter\u00bb onclick=\u00bbcustom_link\u00bb link=\u00bb#\u00bb][vc_column_text el_class=\u00bblink-download\u00bb]<a href=\"http:\/\/texiafinishing.com\/wp-content\/uploads\/PUBLICITAT-PROJECTE-TEXIA_-PREV-RES-IND_2020.docx\" target=\"_blank\" rel=\"noopener\">DESCARGAR PDF<\/a>[\/vc_column_text][vc_column_text]<\/p>\n<p style=\"text-align: center;\">Proyecto de implantaci\u00f3n de una tecnolog\u00eda innovadora, limpia y eficiente textil \u00abMixprint\u00bb<\/p>\n<p>[\/vc_column_text][\/vc_column][\/vc_row][vc_row][vc_column width=\u00bb1\/2&#8243;][vc_single_image image=\u00bb3645&#8243; img_size=\u00bb250&#215;56&#8243; alignment=\u00bbcenter\u00bb onclick=\u00bbcustom_link\u00bb link=\u00bb#\u00bb][vc_column_text el_class=\u00bblink-download\u00bb]<a href=\"http:\/\/texiafinishing.com\/wp-content\/uploads\/pagina-web_-texia_publicitat-1.pdf\" target=\"_blank\" rel=\"noopener\">DESCARGAR PDF<\/a>[\/vc_column_text][vc_column_text]<\/p>\n<p style=\"text-align: center;\">Proyecto \u00abTake-Back Drap\u00bb<\/p>\n<p>[\/vc_column_text][\/vc_column][vc_column width=\u00bb1\/2&#8243;][vc_single_image image=\u00bb2862&#8243; img_size=\u00bb250&#215;56&#8243; alignment=\u00bbcenter\u00bb onclick=\u00bbcustom_link\u00bb link=\u00bb#\u00bb][vc_column_text el_class=\u00bblink-download\u00bb]<a href=\"http:\/\/texiafinishing.com\/wp-content\/uploads\/PREVENCIO-RESIDUS-INDUSTRIALS-2019.pdf\" target=\"_blank\" rel=\"noopener\">DESCARGAR PDF<\/a>[\/vc_column_text][vc_column_text]<\/p>\n<p style=\"text-align: center;\">Prevenci\u00f3n de los residuos industriales<\/p>\n<p>[\/vc_column_text][\/vc_column][\/vc_row][vc_row][vc_column width=\u00bb1\/2&#8243;][vc_single_image image=\u00bb5581&#8243; img_size=\u00bbfull\u00bb alignment=\u00bbcenter\u00bb][vc_column_text el_class=\u00bblink-download\u00bb]<a href=\"http:\/\/texiafinishing.com\/wp-content\/uploads\/Certificacion-Accio-Texia-Finishing.pdf\" target=\"_blank\" rel=\"noopener\">DESCARGAR PDF<\/a>[\/vc_column_text][vc_column_text]<\/p>\n<p style=\"text-align: center;\">Estudio del impacto ambiental de las Mascarillas TEXIA<\/p>\n<p>[\/vc_column_text][\/vc_column][vc_column width=\u00bb1\/2&#8243;][vc_single_image image=\u00bb5581&#8243; img_size=\u00bbfull\u00bb alignment=\u00bbcenter\u00bb][vc_column_text el_class=\u00bblink-download\u00bb]<a href=\"http:\/\/texiafinishing.com\/wp-content\/uploads\/Certificacion-Accio-Texia-Seamless.pdf\" target=\"_blank\" rel=\"noopener\">DESCARGAR PDF<\/a>[\/vc_column_text][vc_column_text]<\/p>\n<p style=\"text-align: center;\">Estudio del impacto ambiental de TEXIA<\/p>\n<p>[\/vc_column_text][\/vc_column][\/vc_row][vc_row][vc_column width=\u00bb1\/2&#8243;][vc_single_image image=\u00bb6488&#8243; img_size=\u00bbfull\u00bb alignment=\u00bbcenter\u00bb][vc_column_text el_class=\u00bblink-download\u00bb]<a href=\"http:\/\/texiafinishing.com\/wp-content\/uploads\/Mejora-de-la-eficiencia-energetica-por-un-nuevo-sistema-de-Estampacion-Digital.pdf\" target=\"_blank\" rel=\"noopener\">DESCARGAR PDF<\/a>[\/vc_column_text][vc_column_text]<\/p>\n<p style=\"text-align: center;\">Mejora de la eficiencia energ\u00e9tica por nuevo sistema de Estampaci\u00f3n digital<\/p>\n<p>[\/vc_column_text][\/vc_column][vc_column width=\u00bb1\/2&#8243;][vc_single_image image=\u00bb6488&#8243; img_size=\u00bbfull\u00bb alignment=\u00bbcenter\u00bb][vc_column_text el_class=\u00bblink-download\u00bb]<a href=\"http:\/\/texiafinishing.com\/wp-content\/uploads\/Mejora-de-la-eficiencia-energetica-en-el-porceso-productivo.pdf\" target=\"_blank\" rel=\"noopener\">DESCARGAR PDF<\/a>[\/vc_column_text][vc_column_text]<\/p>\n<p style=\"text-align: center;\">Mejora de la eficiencia energ\u00e9tica en el porceso productivo<\/p>\n<p>[\/vc_column_text][\/vc_column][\/vc_row][vc_row][vc_column width=\u00bb1\/2&#8243;][vc_single_image image=\u00bb6994&#8243; img_size=\u00bbfull\u00bb alignment=\u00bbcenter\u00bb css=\u00bb\u00bb][vc_column_text css=\u00bb\u00bb el_class=\u00bblink-download\u00bb]<a href=\"http:\/\/texiafinishing.com\/wp-content\/uploads\/Linea-de-ayudas-de-certificacion-Internacional-del-programa-de-Mentoring-y-apoyo-a-la-internacionalizacion-de-la-Pyme.pdf\" target=\"_blank\" rel=\"noopener\">DESCARGAR PDF<\/a>[\/vc_column_text][vc_column_text css=\u00bb\u00bb]<\/p>\n<p style=\"text-align: center;\">L\u00ednea de ayudas de certificaci\u00f3n Internacional del programa de \u00abMentoring y apoyo a la internacionalizaci\u00f3n de la Pyme\u00bb<\/p>\n<p>[\/vc_column_text][\/vc_column][vc_column width=\u00bb1\/2&#8243;][vc_single_image image=\u00bb7146&#8243; img_size=\u00bbfull\u00bb alignment=\u00bbcenter\u00bb css=\u00bb\u00bb][vc_column_text css=\u00bb\u00bb el_class=\u00bblink-download\u00bb]<a href=\"http:\/\/texiafinishing.com\/wp-content\/uploads\/PROYECTO-NUEVO-PROCESO-DE-CORTE-Y-PLEGADO-MEDIANTE-VISION-ARTIFICIAL.pdf\" target=\"_blank\" rel=\"noopener\">DESCARGAR PDF<\/a>[\/vc_column_text][vc_column_text css=\u00bb\u00bb]<\/p>\n<p style=\"text-align: center;\">Proyecto de nuevo proceso de Corte y Plegado mediante visi\u00f3n artificial<\/p>\n<p>[\/vc_column_text][\/vc_column][\/vc_row][vc_row][vc_column width=\u00bb1\/2&#8243;][vc_single_image image=\u00bb7146&#8243; img_size=\u00bbfull\u00bb alignment=\u00bbcenter\u00bb css=\u00bb\u00bb][vc_column_text css=\u00bb\u00bb el_class=\u00bblink-download\u00bb]<a href=\"http:\/\/texiafinishing.com\/wp-content\/uploads\/PROYECTO-DE-DIGITALIZACION-PROCESO-DE-PRODUCCION-TEXIA.pdf\" target=\"_blank\" rel=\"noopener\">DESCARGAR PDF<\/a>[\/vc_column_text][vc_column_text css=\u00bb\u00bb]<\/p>\n<p style=\"text-align: center;\">Proyecto de digitalizaci\u00f3n del Proceso de Producci\u00f3n<\/p>\n<p>[\/vc_column_text][\/vc_column][vc_column width=\u00bb1\/2&#8243;][vc_single_image image=\u00bb7146&#8243; img_size=\u00bbfull\u00bb alignment=\u00bbcenter\u00bb css=\u00bb\u00bb][vc_column_text css=\u00bb\u00bb el_class=\u00bblink-download\u00bb]<a href=\"http:\/\/texiafinishing.com\/wp-content\/uploads\/Proyecto-estrategico-de-TEXIA-para-la-transicion-energetica-y-la-neutralidad-ambiental-de-TEXIA-FINISHING.pdf\" target=\"_blank\" rel=\"noopener\">DESCARGAR PDF<\/a>[\/vc_column_text][vc_column_text css=\u00bb\u00bb]<\/p>\n<p style=\"text-align: center;\">Proyecto estrat\u00e9gico de TEXIA para la transici\u00f3n energ\u00e9tica y la neutralidad ambiental de TEXIA FINISHING<\/p>\n<p>[\/vc_column_text][\/vc_column][\/vc_row][vc_row][vc_column width=\u00bb1\/2&#8243;][vc_single_image image=\u00bb7336&#8243; img_size=\u00bbfull\u00bb alignment=\u00bbcenter\u00bb css=\u00bb\u00bb][vc_column_text css=\u00bb\u00bb el_class=\u00bblink-download\u00bb]<a href=\"http:\/\/texiafinishing.com\/wp-content\/uploads\/Innovador-Proceso-de-Corte-Longitudinal-por-Vision-Artificial-aplicado-al-Proceso-de-Fabricacion-de-Producto-Propio-de-TEXIA-FINISHING-S.A-.pdf\" target=\"_blank\" rel=\"noopener\">DESCARGAR PDF<\/a>[\/vc_column_text][vc_column_text css=\u00bb\u00bb]<\/p>\n<p style=\"text-align: center;\">Innovador Proceso de Corte Longitudinal por Visi\u00f3n Artificial aplicado al Proceso de Fabricaci\u00f3n de Producto Propio de TEXIA FINISHING, S.A<\/p>\n<p>[\/vc_column_text][\/vc_column][vc_column width=\u00bb1\/2&#8243;][vc_single_image image=\u00bb7336&#8243; img_size=\u00bbfull\u00bb alignment=\u00bbcenter\u00bb css=\u00bb\u00bb][vc_column_text css=\u00bb\u00bb el_class=\u00bblink-download\u00bb]<a href=\"http:\/\/texiafinishing.com\/wp-content\/uploads\/proyecto-de-innovacion-para-el-diseno-e-implantacion-de-modificaciones-productivas-para-permitir-el-desarrollo-y-produccion-de-mascarillas-quirurgicas.pdf\" target=\"_blank\" rel=\"noopener\">DESCARGAR PDF<\/a>[\/vc_column_text][vc_column_text css=\u00bb\u00bb]<\/p>\n<p style=\"text-align: center;\"><strong>Financiado por la Uni\u00f3n Europea-Next Generation EU<br \/>\n<\/strong><br \/>\nProyecto de innovaci\u00f3n para el dise\u00f1o e implantaci\u00f3n de modificaciones productivas para permitir el desarrollo y producci\u00f3n de mascarillas quir\u00fargicas sostenibles y biodegradables para uso hospitalario en base viscosa y sin impropios.<\/p>\n<p>[\/vc_column_text][\/vc_column][\/vc_row][\/vc_section]<\/p>\n<\/div>","protected":false},"excerpt":{"rendered":"<p>[vc_section el_id=\u00bbblk-certificados-landing\u00bb css=\u00bb.vc_custom_1531229437719{margin-bottom: 80px !important;}\u00bb][vc_row][vc_column][vc_single_image image=\u00bb1123&#8243; img_size=\u00bbfull\u00bb][\/vc_column][\/vc_row][vc_row][vc_column width=\u00bb1\/2&#8243;][vc_single_image image=\u00bb1651&#8243; img_size=\u00bb250&#215;56&#8243; alignment=\u00bbcenter\u00bb onclick=\u00bbcustom_link\u00bb link=\u00bb#\u00bb][vc_column_text css=\u00bb\u00bb el_class=\u00bblink-download\u00bb]DESCARGAR PDF[\/vc_column_text][vc_column_text css=\u00bb\u00bb] Innovador Proceso de Corte Longitudinal por Visi\u00f3n Artificial aplicado al Proceso de Fabricaci\u00f3n de Producto Propio de TEXIA FINISHING, S.A [\/vc_column_text][\/vc_column][vc_column width=\u00bb1\/2&#8243;][vc_single_image image=\u00bb1104&#8243; alignment=\u00bbcenter\u00bb onclick=\u00bbcustom_link\u00bb link=\u00bb#\u00bb][vc_column_text] REACH [\/vc_column_text][\/vc_column][\/vc_row][vc_row][vc_column width=\u00bb1\/2&#8243;][vc_single_image image=\u00bb2170&#8243; img_size=\u00bb250&#215;56&#8243; alignment=\u00bbcenter\u00bb onclick=\u00bbcustom_link\u00bb link=\u00bb#\u00bb][vc_column_text el_class=\u00bblink-download\u00bb]DESCARGAR PDF[\/vc_column_text][vc_column_text] Certificado Mascarillas [&#8230;]<\/p>\n<p><a class=\"btn btn-secondary understrap-read-more-link\" href=\"https:\/\/texiafinishing.com\/es\/certificados\/\">Leer m\u00e1s&#8230;<span class=\"screen-reader-text\"> from Certificados<\/span><\/a><\/p>\n","protected":false},"author":1,"featured_media":0,"parent":0,"menu_order":0,"comment_status":"closed","ping_status":"closed","template":"","meta":{"_acf_changed":false,"footnotes":""},"class_list":["post-1203","page","type-page","status-publish","hentry"],"acf":[],"_links":{"self":[{"href":"https:\/\/texiafinishing.com\/es\/wp-json\/wp\/v2\/pages\/1203","targetHints":{"allow":["GET"]}}],"collection":[{"href":"https:\/\/texiafinishing.com\/es\/wp-json\/wp\/v2\/pages"}],"about":[{"href":"https:\/\/texiafinishing.com\/es\/wp-json\/wp\/v2\/types\/page"}],"author":[{"embeddable":true,"href":"https:\/\/texiafinishing.com\/es\/wp-json\/wp\/v2\/users\/1"}],"replies":[{"embeddable":true,"href":"https:\/\/texiafinishing.com\/es\/wp-json\/wp\/v2\/comments?post=1203"}],"version-history":[{"count":0,"href":"https:\/\/texiafinishing.com\/es\/wp-json\/wp\/v2\/pages\/1203\/revisions"}],"wp:attachment":[{"href":"https:\/\/texiafinishing.com\/es\/wp-json\/wp\/v2\/media?parent=1203"}],"curies":[{"name":"wp","href":"https:\/\/api.w.org\/{rel}","templated":true}]}}