{"id":1215,"date":"2018-07-10T13:48:21","date_gmt":"2018-07-10T13:48:21","guid":{"rendered":"https:\/\/texiafinishing.com\/?page_id=1215"},"modified":"2018-07-23T08:26:48","modified_gmt":"2018-07-23T08:26:48","slug":"idi","status":"publish","type":"page","link":"https:\/\/texiafinishing.com\/es\/idi\/","title":{"rendered":"I+D+I"},"content":{"rendered":"<div class=\"wpb-content-wrapper\"><p>[vc_section][vc_row][vc_column][vc_single_image image=\u00bb1129&#8243; img_size=\u00bbfull\u00bb][\/vc_column][\/vc_row][vc_row][vc_column][vc_column_text]<span style=\"font-weight: 400;\">En TEXIA creemos firmemente en el <\/span><b>I+D+I<\/b><span style=\"font-weight: 400;\"> como eje indispensable para nuestro desarrollo y crecimiento. Por esos desde TEXIA Finishing hemos desarrollado tecnolog\u00edas y procesos industriales \u00fanicos que han dado como resultado un nuevo concepto: Productos textiles sin costuras.<\/span><\/p>\n<p><span style=\"font-weight: 400;\">Las ventajas de esta tecnolog\u00eda aplicadas a nuestros productos se han traducido en 3 marcas comerciales (ROLLDRAP, MY DRAP y DAY DRAP) las cu\u00e1les fabricamos en nuestras instalaciones y comercializamos por todo el mundo.<\/span>[\/vc_column_text][\/vc_column][\/vc_row][vc_row][vc_column width=\u00bb1\/3&#8243;][vc_single_image image=\u00bb1230&#8243; img_size=\u00bbfull\u00bb alignment=\u00bbcenter\u00bb onclick=\u00bbcustom_link\u00bb img_link_target=\u00bb_blank\u00bb link=\u00bbhttp:\/\/www.rolldrap.com\/\u00bb css=\u00bb.vc_custom_1531384360294{margin-top: 20px !important;margin-bottom: 45px !important;}\u00bb][vc_column_text]<span style=\"font-weight: 400;\">Los \u00fanicos pa\u00f1os 100% algod\u00f3n, en rollo precortado y sin costuras destinados al sector de la hosteler\u00eda. Son l\u00edderes indiscutibles en el sector hostelero espa\u00f1ol.<\/span>[\/vc_column_text][\/vc_column][vc_column width=\u00bb1\/3&#8243;][vc_single_image image=\u00bb1237&#8243; img_size=\u00bbfull\u00bb alignment=\u00bbcenter\u00bb onclick=\u00bbcustom_link\u00bb img_link_target=\u00bb_blank\u00bb link=\u00bbhttps:\/\/mydrap.com\u00bb css=\u00bb.vc_custom_1531384366946{margin-top: 20px !important;margin-bottom: 45px !important;}\u00bb][vc_column_text]<span style=\"font-weight: 400;\">Manteles individuales y servilletas de tela 100% algod\u00f3n, algod\u00f3n reciclado o lino, presentadas en rollo precortado y lavables. MY DRAP dise\u00f1a nuevas colecciones cada a\u00f1o, con colores, estampados y texturas cuidadas hasta el \u00faltimo detalle.<\/span>[\/vc_column_text][\/vc_column][vc_column width=\u00bb1\/3&#8243;][vc_single_image image=\u00bb1234&#8243; img_size=\u00bbfull\u00bb alignment=\u00bbcenter\u00bb onclick=\u00bbcustom_link\u00bb img_link_target=\u00bb_blank\u00bb link=\u00bbhttp:\/\/daydrap.com\u00bb css=\u00bb.vc_custom_1531384373666{margin-top: 20px !important;margin-bottom: 45px !important;}\u00bb][vc_column_text]<span style=\"font-weight: 400;\">Un concepto innovador en manteler\u00eda textil resinada, gracias a la combinaci\u00f3n del algod\u00f3n reciclado, no confeccionado, con capas impermeables y antideslizantes que facilitan su limpieza y lo fijan en las superficies donde se coloca.<\/span>[\/vc_column_text][\/vc_column][\/vc_row][\/vc_section]<\/p>\n<\/div>","protected":false},"excerpt":{"rendered":"<p>[vc_section][vc_row][vc_column][vc_single_image image=\u00bb1129&#8243; img_size=\u00bbfull\u00bb][\/vc_column][\/vc_row][vc_row][vc_column][vc_column_text]En TEXIA creemos firmemente en el I+D+I como eje indispensable para nuestro desarrollo y crecimiento. Por esos desde TEXIA Finishing hemos desarrollado tecnolog\u00edas y procesos industriales \u00fanicos que han dado como resultado un nuevo concepto: Productos textiles sin costuras. Las ventajas de esta tecnolog\u00eda aplicadas a nuestros productos se han traducido en 3 [&#8230;]<\/p>\n<p><a class=\"btn btn-secondary understrap-read-more-link\" href=\"https:\/\/texiafinishing.com\/es\/idi\/\">Leer m\u00e1s&#8230;<span class=\"screen-reader-text\"> from I+D+I<\/span><\/a><\/p>\n","protected":false},"author":1,"featured_media":0,"parent":0,"menu_order":0,"comment_status":"closed","ping_status":"closed","template":"","meta":{"_acf_changed":false,"footnotes":""},"class_list":["post-1215","page","type-page","status-publish","hentry"],"acf":[],"_links":{"self":[{"href":"https:\/\/texiafinishing.com\/es\/wp-json\/wp\/v2\/pages\/1215","targetHints":{"allow":["GET"]}}],"collection":[{"href":"https:\/\/texiafinishing.com\/es\/wp-json\/wp\/v2\/pages"}],"about":[{"href":"https:\/\/texiafinishing.com\/es\/wp-json\/wp\/v2\/types\/page"}],"author":[{"embeddable":true,"href":"https:\/\/texiafinishing.com\/es\/wp-json\/wp\/v2\/users\/1"}],"replies":[{"embeddable":true,"href":"https:\/\/texiafinishing.com\/es\/wp-json\/wp\/v2\/comments?post=1215"}],"version-history":[{"count":0,"href":"https:\/\/texiafinishing.com\/es\/wp-json\/wp\/v2\/pages\/1215\/revisions"}],"wp:attachment":[{"href":"https:\/\/texiafinishing.com\/es\/wp-json\/wp\/v2\/media?parent=1215"}],"curies":[{"name":"wp","href":"https:\/\/api.w.org\/{rel}","templated":true}]}}