{"id":267,"date":"2018-03-01T11:45:32","date_gmt":"2018-03-01T11:45:32","guid":{"rendered":"http:\/\/texiafinishing.com\/?page_id=267"},"modified":"2018-10-24T08:16:53","modified_gmt":"2018-10-24T08:16:53","slug":"aviso-legal","status":"publish","type":"page","link":"https:\/\/texiafinishing.com\/es\/aviso-legal\/","title":{"rendered":"Aviso legal"},"content":{"rendered":"<div class=\"wpb-content-wrapper\"><p>[vc_row][vc_column][vc_column_text]<strong><u>AVISO LEGAL <\/u><\/strong><\/p>\n<p>En virtud de lo estipulado por el art\u00edculo 10 de la Ley 34\/2002, de 11 de Julio, de Servicios de la Sociedad de la Informaci\u00f3n y del Comercio Electr\u00f3nico, se informa al usuario que el dominio <strong>www.texiafinishing.com<\/strong> pertenece, como titular a:<\/p>\n<p>TEXIA FINISHING, S.A. (en adelante, TEXIA FINISHING)<\/p>\n<p>CIF: A-08.799.066<\/p>\n<p>Pol\u00edgono Industrial El Mas, s\/n<\/p>\n<p>Monistrol de Montserrat (08691 &#8211; Barcelona)<\/p>\n<p>www.texiafinishing.com<\/p>\n<p><span style=\"font-size: 1rem;\"><br \/>\nInscrita en el Registro Mercantil de Barcelona con n\u00famero de Tomo 5.343 Folio 163, hoja n\u00ba 57.896, Inscripci\u00f3n 1\u00ba.<\/span><\/p>\n<p><strong style=\"font-size: 1rem;\"><u><br \/>\nCONDICIONES DE USO<\/u><\/strong><\/p>\n<p>El uso de esta <em>website<\/em> se regir\u00e1 por las presentes condiciones, incluy\u00e9ndose los contenidos y servicios puestos a disposici\u00f3n de los usuarios. Es por ello que desde TEXIA FINISHING le rogamos que lea atentamente estas condiciones ya que contienen toda la informaci\u00f3n relativa a sus derechos y obligaciones.<\/p>\n<p>Debe saber que con el mero acceso a la <em>website<\/em> ya se le considerar\u00e1 como \u201cusuario\u201d de la misma y con ello acepta expresamente, de forma autom\u00e1tica y voluntaria, las condiciones vigentes en cada momento. En caso de que no desee aceptarlas se le recomienda no seguir haciendo uso de la <em>website<\/em>. Destacar que el acceso a www.texiafinishing.com es gratuito y no exige previa suscripci\u00f3n o registro.<\/p>\n<p>TEXIA FINISHING se reserva el derecho, en exclusiva y en cualquier momento, a revisar las presentes condiciones para introducir modificaciones derivadas de cambios legislativos o por decisiones corporativas, comprometi\u00e9ndose a publicar y con ello informar de las variaciones que pudieran afectar a los usuarios. Estas modificaciones se entender\u00e1n aceptadas cuando el usuario siga haciendo uso de la <em>website<\/em>.<\/p>\n<p>As\u00ed mismo, TEXIA FINISHING se reserva el derecho a modificar unilateralmente, en cualquier momento y sin previo aviso, la estructura y dise\u00f1o de la <em>website<\/em>, as\u00ed como los servicios o contenidos. Con estos mismos t\u00e9rminos, durante las tareas de modificaci\u00f3n, reparaci\u00f3n, actualizaci\u00f3n o mejoras se podr\u00e1 suspender el acceso a la website.<\/p>\n<p>Podr\u00eda ocurrir que derivado de las modificaciones en la <em>website<\/em> descritas en el p\u00e1rrafo anterior se incluyeran nuevos contenidos o servicios que adem\u00e1s de estar sujetos a estas Condiciones de Uso tambi\u00e9n lo estuvieran a Condiciones Particulares o Especiales que ampliaran o sustituyeran las presentes. En caso de que hubiera alguna discordancia entre las generales y las particulares, prevalecer\u00e1 lo estipulado en estas \u00faltimas.<\/p>\n<p><strong><u>Obligaciones y responsabilidades de los usuarios<\/u><\/strong><\/p>\n<p>Durante el uso de la presente <em>website<\/em>, el usuario se compromete a no contravenir la legislaci\u00f3n vigente, la buena fe, los usos generalmente aceptados y el orden p\u00fablico durante el uso de la presente <em>website<\/em>, quedando prohibido el uso con fines il\u00edcitos, enga\u00f1osos, malintencionados o lesivos para TEXIA FINISHING o terceros. Por tanto, el uso debe ser adecuado y correcto, absteni\u00e9ndose el usuario a realizar conductas da\u00f1inas a la imagen, intereses y\/o derechos de TEXIA FINISHING y\/o terceros o da\u00f1e, inutilice o sobrecargue la <em>website<\/em>. As\u00ed mismo, deber\u00e1 abstenerse de acceder, utilizar y\/o manipular los datos de TEXIA FINISHING.<\/p>\n<p>El usuario se compromete a facilitar informaci\u00f3n veraz a trav\u00e9s de las comunicaciones con TEXIA FINISHING, constituy\u00e9ndose como \u00fanico responsable de los da\u00f1os o perjuicios que pudiera causar dicha informaci\u00f3n, por ser inexacta o falsa, tanto a TEXIA FINISHING como a terceros.<\/p>\n<p>TEXIA FINISHING adopta las medidas de seguridad razonablemente adecuadas para detectar la existencia de virus. No obstante, se debe tener en cuenta que las medidas de seguridad de los sistemas inform\u00e1ticos no son enteramente fiables por lo que TEXIA FINISHING no puede garantizar la inexistencia de virus u otros elementos que pudieran incidir en los sistemas inform\u00e1ticos, documentos y\/o ficheros del usuario, incluidos los archivos descargables de la p\u00e1gina website. Rogamos a los usuarios que se abstengan de introducir o difundir en la red virus inform\u00e1ticos o sistemas f\u00edsicos o l\u00f3gicos que puedan provocar da\u00f1os a TEXIA FINISHING o terceros.<\/p>\n<p>TEXIA FINISHING se reserva el derecho a emprender las acciones legales necesarias en defensa de sus intereses o suspender temporalmente, y sin previo aviso, la accesibilidad a la <em>website<\/em> con motivo de operaciones de mantenimiento, reparaci\u00f3n, actualizaci\u00f3n o mejora.<\/p>\n<p><strong><u>Propiedad Intelectual e Industrial. Admisi\u00f3n de backlinks \/ hiperlinks<\/u><\/strong><\/p>\n<p><strong>Permiso para reproducir fotograf\u00edas <\/strong><\/p>\n<p>Los contenidos, las fotograf\u00edas, videos, los dise\u00f1os, textos, gr\u00e1ficos, logos, iconos, botones, software, nombres comerciales, marcas o cualquier otro signo que pueda ser susceptible de comercializaci\u00f3n o uso industrial mostrados en la <em>website <\/em>son propiedad de TEXIA FINISHING, o de terceros titulares que hayan autorizado debidamente su inclusi\u00f3n en la <em>website<\/em> o en cualquier red social donde TEXIA FINISHING est\u00e9 presente, salvo en aquellos casos en que exista una indicaci\u00f3n expresa en contrario, y est\u00e1n protegidos, entre otras, por las normas nacionales e internacionales de propiedad intelectual e industrial.<\/p>\n<p>Queda prohibida la reproducci\u00f3n de la presente <em>website<\/em>, as\u00ed como ninguno de sus contenidos, salvo autorizaci\u00f3n expresa y por escrito de TEXIA FINISHING. Sin perjuicio, el usuario tendr\u00e1 el derecho a crear enlaces a la p\u00e1gina de la <em>website<\/em> para el uso privado y no comercial sujeto a diferentes condiciones, reserv\u00e1ndose TEXIA FINISHING el derecho a solicitar, en cualquier momento, la eliminaci\u00f3n inmediata de cualquier enlace a la <em>website<\/em>. Las condiciones son:<\/p>\n<ul>\n<li>Ser\u00e1 un derecho revocable y no exclusivo.<\/li>\n<li>No podr\u00e1 dar a entender que TEXIA FINISHING recomienda dicho sitio web, servicios o productos ni falsear su relaci\u00f3n.<\/li>\n<li>No debe incluir contenidos considerados de mal gusto, obscenos, ofensivos controvertidos, incitadores a la violencia o discriminaci\u00f3n por sexo, raza o religi\u00f3n, contrarios al orden p\u00fablico o il\u00edcito.<\/li>\n<li>El enlace debe dirigir a la <em>website<\/em>, sin que se permita la reproducci\u00f3n como parte de su web o dentro de uno de sus frames o crear un browser sobre cualquiera de las p\u00e1ginas de la <em>website<\/em>.<\/li>\n<\/ul>\n<p>TEXIA FINISHING no puede controlar la informaci\u00f3n, contenidos, productos o servicios facilitados por otros sitios web que tengan establecidos enlaces con destino a la <em>website<\/em>. Por este motivo, no se hace responsable de cualquier aspecto relativo a tales sitios web.<\/p>\n<p>TEXIA FINISHING es una marca registrada, y est\u00e1 prohibida su reproducci\u00f3n, imitaci\u00f3n, utilizaci\u00f3n o inserci\u00f3n de estas marcas sin nuestra debida autorizaci\u00f3n.<\/p>\n<p><strong><u>Responsabilidad de la empresa<\/u><\/strong><\/p>\n<p>TEXIA FINISHING no se hace responsable de las deficiencias del servicio de su proveedor de servicios, ni de las redes de comunicaci\u00f3n, ni de los problemas resultantes del mal funcionamiento o uso de versiones no optimizadas de cualquier tipo de navegador, as\u00ed como de aquellas derivadas de interrupciones prolongadas del suministro el\u00e9ctrico, l\u00edneas de telecomunicaciones, conflictos sociales, huelgas, explosiones, inundaciones, actos y omisiones del Gobierno, y en general todos los supuestos de fuerza mayor o de caso fortuito.<\/p>\n<p>Tanto el acceso a la <em>website<\/em> como el uso que pueda hacerse de la informaci\u00f3n contenida en la misma es de exclusiva responsabilidad de quien lo realiza. Por tanto, TEXIA FINISHING no se responsabiliza de las consecuencias que pudiera ocasionar dicho uso o acceso a la informaci\u00f3n y \u00fanicamente proceder\u00e1 a la eliminaci\u00f3n, lo antes posible, de los contenidos que pudieran generar alg\u00fan tipo de da\u00f1o o perjuicio, siempre que as\u00ed se notifique o tenga conocimiento efectivo.<\/p>\n<p>TEXIA FINISHING no responder\u00e1 de los posibles errores de seguridad que se puedan producir ni de los posibles da\u00f1os que se ocasionaren al sistema inform\u00e1tico del usuario, ficheros o documentos almacenados en el mismo, cuando tengan origen en un virus proveniente del ordenador del usuario, mal funcionamiento del navegador o del uso de versiones no actualizadas del mismo, de aver\u00edas telef\u00f3nicas, interferencias, omisiones o desconexiones en el funcionamiento operativo del sistema electr\u00f3nico motivados por causas ajenas a TEXIA FINISHING.<\/p>\n<p><strong><u>Normas de Uso de la secci\u00f3n noticias<\/u><\/strong><\/p>\n<p>En la secci\u00f3n Noticias informa sobre novedades, servicios ofrecidos, datos de inter\u00e9s y cualquier informaci\u00f3n general relacionada con el TEXIA FINISHING. La presente <em>website<\/em> no ofrece la posibilidad de participar a los usuarios con sus comentarios en las entradas publicadas por TEXIA FINISHING en la secci\u00f3n Blog.<\/p>\n<p><strong><u>Resoluci\u00f3n de conflictos. Ley aplicable y jurisdicci\u00f3n<\/u><\/strong><\/p>\n<p>Las presentes Condiciones Generales de Uso se regir\u00e1n por la legislaci\u00f3n espa\u00f1ola y, en especial, a la legislaci\u00f3n en materia de protecci\u00f3n de datos de car\u00e1cter personal (Ley Org\u00e1nica de Protecci\u00f3n de Datos de Car\u00e1cter Personal y su Reglamento de desarrollo, adem\u00e1s del Reglamento General de Protecci\u00f3n de Datos 2016\/679 de la Uni\u00f3n Europea) y a la legislaci\u00f3n en materia de servicios de la sociedad de la informaci\u00f3n (Ley 34\/2002, de 11 de julio, de servicios de la sociedad de la informaci\u00f3n y de comercio electr\u00f3nico). Cualquier controversia ser\u00e1 resuelta ante los Tribunales de Barcelona.<\/p>\n<p>&nbsp;<\/p>\n<p>\u00daltima modificaci\u00f3n: 14 de septiembre de 2018[\/vc_column_text][\/vc_column][\/vc_row]<\/p>\n<\/div>","protected":false},"excerpt":{"rendered":"<p>[vc_row][vc_column][vc_column_text]AVISO LEGAL En virtud de lo estipulado por el art\u00edculo 10 de la Ley 34\/2002, de 11 de Julio, de Servicios de la Sociedad de la Informaci\u00f3n y del Comercio Electr\u00f3nico, se informa al usuario que el dominio www.texiafinishing.com pertenece, como titular a: TEXIA FINISHING, S.A. (en adelante, TEXIA FINISHING) CIF: A-08.799.066 Pol\u00edgono Industrial El [&#8230;]<\/p>\n<p><a class=\"btn btn-secondary understrap-read-more-link\" href=\"https:\/\/texiafinishing.com\/es\/aviso-legal\/\">Leer m\u00e1s&#8230;<span class=\"screen-reader-text\"> from Aviso legal<\/span><\/a><\/p>\n","protected":false},"author":1,"featured_media":0,"parent":0,"menu_order":0,"comment_status":"closed","ping_status":"closed","template":"","meta":{"_acf_changed":false,"footnotes":""},"class_list":["post-267","page","type-page","status-publish","hentry"],"acf":[],"_links":{"self":[{"href":"https:\/\/texiafinishing.com\/es\/wp-json\/wp\/v2\/pages\/267","targetHints":{"allow":["GET"]}}],"collection":[{"href":"https:\/\/texiafinishing.com\/es\/wp-json\/wp\/v2\/pages"}],"about":[{"href":"https:\/\/texiafinishing.com\/es\/wp-json\/wp\/v2\/types\/page"}],"author":[{"embeddable":true,"href":"https:\/\/texiafinishing.com\/es\/wp-json\/wp\/v2\/users\/1"}],"replies":[{"embeddable":true,"href":"https:\/\/texiafinishing.com\/es\/wp-json\/wp\/v2\/comments?post=267"}],"version-history":[{"count":0,"href":"https:\/\/texiafinishing.com\/es\/wp-json\/wp\/v2\/pages\/267\/revisions"}],"wp:attachment":[{"href":"https:\/\/texiafinishing.com\/es\/wp-json\/wp\/v2\/media?parent=267"}],"curies":[{"name":"wp","href":"https:\/\/api.w.org\/{rel}","templated":true}]}}