{"id":271,"date":"2018-03-01T11:45:51","date_gmt":"2018-03-01T11:45:51","guid":{"rendered":"http:\/\/texiafinishing.com\/?page_id=271"},"modified":"2019-04-29T11:07:52","modified_gmt":"2019-04-29T11:07:52","slug":"politica-de-privacidad","status":"publish","type":"page","link":"https:\/\/texiafinishing.com\/es\/politica-de-privacidad\/","title":{"rendered":"Pol\u00edtica de privacidad"},"content":{"rendered":"<div class=\"wpb-content-wrapper\"><p>[vc_row][vc_column][vc_column_text]<\/p>\n<h1><span style=\"font-size: 12pt;\"><strong>POL\u00cdTICA DE PRIVACIDAD<\/strong><\/span><\/h1>\n<p>TEXIA FINISHING, S.A. (en adelante, TEXIA FINISHING) tiene como objetivo respetar la privacidad de sus usuarios y proteger los datos de car\u00e1cter personal que \u00e9stos puedan facilitar a TEXIA FINISHING.<\/p>\n<p>En respeto a la Ley Org\u00e1nica 3\/2018, de 5 de diciembre, de Protecci\u00f3n de Datos Personales y garant\u00eda de los derechos digitales (en adelante, LOPDGDD) y el Reglamento General de Protecci\u00f3n de Datos de la Uni\u00f3n Europea (en adelante, RGPD), esta labor de recopilaci\u00f3n de los datos se regir\u00e1 a partir de los t\u00e9rminos descritos a continuaci\u00f3n:<\/p>\n<h2><span style=\"font-size: 12pt;\"><strong><u>Informaci\u00f3n sobre el responsable del tratamiento, la recopilaci\u00f3n, finalidad, legitimaci\u00f3n y tiempo de conservaci\u00f3n de los datos de car\u00e1cter personal<\/u><\/strong><\/span><\/h2>\n<p>En la presente pol\u00edtica de privacidad se encuentra toda la informaci\u00f3n sobre los tratamientos de datos de car\u00e1cter personal que TEXIA FINISHING realiza sobre los datos del usuario. Como muestra de compromiso con la normativa de protecci\u00f3n de datos, TEXIA FINISHING pone a disposici\u00f3n del usuario, de manera permanente, la informaci\u00f3n relativa a nuestra pol\u00edtica de privacidad en la presente website.<\/p>\n<table>\n<tbody>\n<tr>\n<td width=\"568\">TEXIA FINISHING, S.A. (en adelante, TEXIA FINISHING)<\/p>\n<p>NIF: A-08.799.066<\/p>\n<p>Pol\u00edgono Industrial El Mas, s\/n<\/p>\n<p>Monistrol de Montserrat (08691 &#8211; Barcelona)<\/p>\n<p><a href=\"http:\/\/texiafinishing.com\/\">www.texiafinishing.com<\/a><\/td>\n<\/tr>\n<\/tbody>\n<\/table>\n<p>Dependiendo de la utilizaci\u00f3n que el usuario realice de la presente website, TEXIA FINISHING necesitar\u00e1 tratar datos de car\u00e1cter personal, que, en general, ser\u00e1n los siguientes:<\/p>\n<ul>\n<li>Datos identificativos (por ejemplo, nombre, apellido, idioma, datos de contacto, etc.).<\/li>\n<li>Datos de conexi\u00f3n, geolocalizaci\u00f3n y navegaci\u00f3n (en caso de interactuar con nosotros desde el m\u00f3vil, por ejemplo).<\/li>\n<li>Informaci\u00f3n comercial (por ejemplo, si el usuario se suscribe a nuestra newsletter).<\/li>\n<li>Datos sobre gustos y preferencias.<\/li>\n<\/ul>\n<p>TEXIA FINISHING recuerda que alguno de los datos personales solicitados para dar acceso a alguna de las funcionalidades o servicios de la presente website ser\u00e1n <em>obligatorios<\/em>, puesto que son imprescindibles para prestar el servicio, dar acceso a la funcionalidad en cuesti\u00f3n, o gestionar el motivo de su contacto y darle tr\u00e1mite a nivel administrativo.<\/p>\n<p>Dependiendo de c\u00f3mo interact\u00fae el usuario en la presente website, se tratar\u00e1n los datos de car\u00e1cter personal para las siguientes <strong>finalidades<\/strong>:<\/p>\n<table>\n<tbody>\n<tr>\n<td width=\"283\"><strong>FINALIDAD<\/strong><\/td>\n<td width=\"283\"><strong>INFORMACI\u00d3N<\/strong><\/td>\n<\/tr>\n<tr>\n<td width=\"283\"><strong>ATENCI\u00d3N AL CLIENTE<\/strong><\/td>\n<td width=\"283\">Tratar los datos de car\u00e1cter personal estrictamente necesarios para gestionar o resolver la consulta, solicitud o petici\u00f3n realizada por el usuario.<\/td>\n<\/tr>\n<tr>\n<td width=\"283\"><strong>MARKETING<\/strong><\/td>\n<td width=\"283\">Se tratar\u00e1n datos de car\u00e1cter personal para:<\/p>\n<p>\u00b7\u00a0\u00a0\u00a0\u00a0\u00a0\u00a0 Gestionar el env\u00edo de comunicaciones comerciales, promociones o Newsletter de todos aquellos usuarios que se hayan suscrito.<\/td>\n<\/tr>\n<tr>\n<td width=\"283\"><strong>ENCUESTAS DE CALIDAD<\/strong><\/td>\n<td width=\"283\">Env\u00edo de encuestas de calidad sobre los productos o servicios prestados.<\/td>\n<\/tr>\n<\/tbody>\n<\/table>\n<p>&nbsp;<\/p>\n<p>El usuario responder\u00e1, en cualquier caso, de la veracidad de los datos facilitados. En caso contrario, TEXIA FINISHING podr\u00e1 excluir al usuario de los servicios en los que haya facilitado datos falsos, sin perjuicio de las dem\u00e1s acciones que legalmente procedan.<\/p>\n<p>La base legal que permite el tratamiento de los datos de car\u00e1cter personal facilitados por el usuario se regir\u00e1 por lo establecido en la siguiente tabla:<\/p>\n<table>\n<tbody>\n<tr>\n<td width=\"283\"><strong>FINALIDAD<\/strong><\/td>\n<td width=\"283\"><strong>BASE LEGAL<\/strong><\/td>\n<\/tr>\n<tr>\n<td width=\"283\"><strong>ATENCI\u00d3N AL CLIENTE<\/strong><\/td>\n<td width=\"283\">Cuando el usuario contacte a trav\u00e9s de cualquier formulario habilitado a trav\u00e9s de esta p\u00e1gina web o a trav\u00e9s de cualquier otro medio de contacto publicitado en la presente website la base legal del tratamiento es el consentimiento del usuario.<\/p>\n<p>&nbsp;<\/p>\n<p>A su vez, TEXIA FINISHING tiene un inter\u00e9s leg\u00edtimo para atender a las solicitudes, consultas o dudas que plantee el usuario, ya sea a trav\u00e9s de la presente website o a trav\u00e9s de cualquier medio de contacto existente con la empresa.<\/p>\n<p>&nbsp;<\/p>\n<p>Si el contacto del usuario con TEXIA FINISHING se realiza en virtud del ejercicio de los derechos amparados por alguna disposici\u00f3n legal, incluidas las reclamaciones o consultas relacionadas con los servicios o productos de TEXIA FINISHING, la base legal que rige para dicho tratamiento es el cumplimiento de obligaciones legales.<\/p>\n<p>&nbsp;<\/p>\n<p>En caso de que los datos facilitados por el usuario sean datos de contacto de empresarios individuales y de profesionales liberales, la base legal del tratamiento el inter\u00e9s leg\u00edtimo, tal y como estipula el art\u00edculo 19 de la Ley Org\u00e1nica 3\/2018, de 5 de diciembre, de Protecci\u00f3n de Datos Personales y garant\u00eda de los derechos digitales, en relaci\u00f3n al art\u00edculo 6,1.f) del Reglamento (UE) 2016\/679 del Parlamento Europeo y del Consejo, de 27 de abril de 2016.<\/td>\n<\/tr>\n<tr>\n<td width=\"283\"><strong>MARKETING<\/strong><\/td>\n<td width=\"283\">La base legal para el tratamiento de datos de car\u00e1cter personal con las finalidades descritas en la finalidad de marketing es el consentimiento del usuario.<\/p>\n<p>&nbsp;<\/p>\n<p>En caso de que exista una relaci\u00f3n contractual previa con el usuario, siempre que TEXIA FINISHING hubiera obtenido de forma l\u00edcita los datos de contacto del destinatario y los empleara para el env\u00edo de comunicaciones comerciales referentes a productos o servicios de su propia empresa que sean similares a los que inicialmente fueron objeto de contrataci\u00f3n con el cliente, la base legal del tratamiento se basar\u00e1 en el <strong>inter\u00e9s leg\u00edtimo<\/strong>, con especial referencia a lo expuesto en el apartado segundo del art\u00edculo 21 de la Ley 34\/2002, de 11 de julio, de servicios de la sociedad de la informaci\u00f3n y de comercio electr\u00f3nico.<\/p>\n<p>&nbsp;<\/p>\n<p>En caso de que los datos facilitados por el usuario sean datos de contacto de empresarios individuales y de profesionales liberales, la base legal del tratamiento el inter\u00e9s leg\u00edtimo, tal y como estipula el art\u00edculo 19 de la Ley Org\u00e1nica 3\/2018, de 5 de diciembre, de Protecci\u00f3n de Datos Personales y garant\u00eda de los derechos digitales, en relaci\u00f3n al art\u00edculo 6,1.f) del Reglamento (UE) 2016\/679 del Parlamento Europeo y del Consejo, de 27 de abril de 2016.<\/td>\n<\/tr>\n<tr>\n<td width=\"283\"><strong>ENCUESTAS DE CALIDAD<\/strong><\/td>\n<td width=\"283\">TEXIA FINISHING tiene un inter\u00e9s leg\u00edtimo para realizar encuestas de calidad a los usuarios, a fin de analizar la satisfacci\u00f3n del usuario con la presente website, la calidad de la atenci\u00f3n al cliente o sobre los productos y\/o servicios contratados.<\/td>\n<\/tr>\n<\/tbody>\n<\/table>\n<p>&nbsp;<\/p>\n<p>El plazo de conservaci\u00f3n de los datos de car\u00e1cter personal depender\u00e1 de las finalidades para las que hayan sido recabados:<\/p>\n<table>\n<tbody>\n<tr>\n<td width=\"283\"><strong>FINALIDAD<\/strong><\/td>\n<td width=\"283\"><strong>PLAZO DE CONSERVACI\u00d3N<\/strong><\/td>\n<\/tr>\n<tr>\n<td width=\"283\"><strong>ATENCI\u00d3N AL CLIENTE<\/strong><\/td>\n<td width=\"283\">Los datos de car\u00e1cter personal tratados para esta finalidad ser\u00e1n conservados el tiempo que sea necesario para atender la consulta, solicitud o petici\u00f3n realizada por el usuario.<\/td>\n<\/tr>\n<tr>\n<td width=\"283\"><strong>MARKETING<\/strong><\/td>\n<td width=\"283\">Los datos de car\u00e1cter personal tratados para esta finalidad ser\u00e1n conservados hasta que el usuario decida retirar el consentimiento.<\/p>\n<p>&nbsp;<\/p>\n<p>En el caso de las Newsletter, el usuario podr\u00e1 darse de baja del servicio en cualquier momento pulsando el enlace que aparece al final del mensaje de actualizaci\u00f3n que recibe en su correo electr\u00f3nico.<\/td>\n<\/tr>\n<tr>\n<td width=\"283\"><strong>ENCUESTAS DE CALIDAD<\/strong><\/td>\n<td width=\"283\">Los datos de car\u00e1cter personal tratados para esta finalidad ser\u00e1n conservados el tiempo necesario para realizar para llevar a cabo las acciones oportunas para mejorar nuestro servicio, la de nuestros productos o la usabilidad de la presente website, dependiendo el motivo de la encuesta, o hasta que TEXIA FINISHING anonimice los datos recabados.<\/td>\n<\/tr>\n<\/tbody>\n<\/table>\n<p>&nbsp;<\/p>\n<p>Se informa al usuario que TEXIA FINISHING tratar\u00e1 los datos de car\u00e1cter personal durante el tiempo en que pudiera surgir responsabilidades civiles, mercantiles, administrativas, penales o fiscales, en cumplimiento con la normativa vigente en cada momento. Una vez pasados estos plazos, se suprimir\u00e1n los datos de car\u00e1cter personal.<\/p>\n<p>TEXIA FINISHING informa que para cumplir con las finalidades descritas con anterioridad es necesario ceder los datos personales facilitados por el usuario a empresas vinculadas con TEXIA FINISHING, as\u00ed como a terceras empresas que nos prestan apoyo en los servicios que ofrecemos, tales como<\/p>\n<ul>\n<li>Proveedores de servicios tecnol\u00f3gicos<\/li>\n<li>Proveedores de servicios relacionados con atenci\u00f3n al cliente<\/li>\n<li>Proveedores de servicios relacionados con la administraci\u00f3n de TEXIA FINISHING<\/li>\n<li>Proveedores y colaboradores de servicios relacionados con marketing y publicidad<\/li>\n<li>Administraciones P\u00fablicas cuando as\u00ed lo exija la normativa vigente.<\/li>\n<\/ul>\n<p>Se informa que TEXIA FINISHING contrata la gesti\u00f3n de algunas de las funciones necesarias para la prestaci\u00f3n del servicio con encargados de tratamiento situados fuera de la UE y que, en todo caso, garantizan un nivel adecuado de protecci\u00f3n de los datos personales.<\/p>\n<h2><span style=\"font-size: 12pt;\"><strong><u>Videovigilancia en las instalaciones de TEXIA FINISHING<\/u><\/strong><\/span><\/h2>\n<p>En los centros e instalaciones de TEXIA FINISHING se cuenta con c\u00e1maras y\/o videoc\u00e1maras de seguridad que captan datos de car\u00e1cter personas (imagen y sonido). Se informa al usuario que podr\u00e1 encontrar un cartel informativo en el centro e instalaciones de TEXIA FINISHING con la informaci\u00f3n indispensable sobre el tratamiento de los datos personales. A fin de cumplimentar dicha informaci\u00f3n, facilitamos a los usuarios la siguiente tabla explicativa con la informaci\u00f3n completa sobre el tratamiento.<\/p>\n<p><strong>\u00a0<\/strong><\/p>\n<table width=\"580\">\n<tbody>\n<tr>\n<td width=\"193\"><strong>RESPONSABLE DEL TRATAMIENTO<\/strong><\/td>\n<td width=\"193\">&nbsp;<\/p>\n<p>&nbsp;<\/p>\n<p>TEXIA FINISHING<\/td>\n<td width=\"193\"><strong>\u00a0<\/strong><\/p>\n<p>&nbsp;<\/p>\n<p>NIF A-08.799.066<\/td>\n<\/tr>\n<tr>\n<td width=\"193\"><strong>FINALIDAD<\/strong><\/td>\n<td width=\"193\">&nbsp;<\/p>\n<p>Captaci\u00f3n de im\u00e1genes a trav\u00e9s de c\u00e1maras o videoc\u00e1maras con la finalidad de preservar la seguridad de las personas y bienes, as\u00ed como de sus instalaciones.<\/p>\n<p>&nbsp;<\/p>\n<p>&nbsp;<\/td>\n<td width=\"193\">Los datos de car\u00e1cter personal ser\u00e1n suprimidos en un plazo m\u00e1ximo de 30 d\u00edas desde su captaci\u00f3n, salvo cuando hubieran de ser conservados para acreditar la comisi\u00f3n de actos que atenten contra la integridad de las personas, bienes o instalaciones.<\/td>\n<\/tr>\n<tr>\n<td width=\"193\"><strong>BASE LEGAL DEL TRATAMIENTO<\/strong><\/td>\n<td width=\"193\">&nbsp;<\/p>\n<p>TEXIA FINISHING tiene un inter\u00e9s leg\u00edtimo para captar im\u00e1genes a trav\u00e9s de c\u00e1maras o videoc\u00e1maras con la finalidad de preservar la seguridad de las personas y bienes, as\u00ed como de sus instalaciones.<\/td>\n<td width=\"193\">&nbsp;<\/p>\n<p>El deber de informaci\u00f3n se entender\u00e1 cumplido mediante la colocaci\u00f3n de un dispositivo informativo en un lugar suficientemente visible, en el que se informa de la existencia del tratamiento, la identidad del responsable y la posibilidad de ejercer los derechos que corresponden.<\/td>\n<\/tr>\n<tr>\n<td width=\"193\"><strong>DESTINATARIOS<\/strong><\/td>\n<td width=\"193\">&nbsp;<\/p>\n<p>&nbsp;<\/p>\n<p>&nbsp;<\/p>\n<p>TEXIA GUASCH GROUP, S.L.<\/td>\n<td width=\"193\">Empresas de seguridad que presten servicios de videovigilancia y servicios de alarma, ya sea a trav\u00e9s de detecci\u00f3n de movimiento, calor, sonido o cualquier otra aplicaci\u00f3n t\u00e9cnica disponible.<\/td>\n<\/tr>\n<tr>\n<td width=\"193\"><strong>DERECHOS<\/strong><\/td>\n<td width=\"193\">&nbsp;<\/p>\n<p>Acceso, rectificaci\u00f3n, supresi\u00f3n, portabilidad, limitaci\u00f3n u oposici\u00f3n<\/td>\n<td width=\"193\">&nbsp;<\/p>\n<p>Pol\u00edgono Industrial El Mas, s\/n de la localidad de Monistrol de Montserrat (08691\u2013 Barcelona), o a trav\u00e9s de gdpr@texia.com<\/td>\n<\/tr>\n<\/tbody>\n<\/table>\n<p>&nbsp;<\/p>\n<p>TEXIA FINISHING informa que para cumplir con las finalidades descritas con anterioridad es necesario ceder los datos personales facilitados por el usuario a empresas vinculadas con TEXIA FINISHING, as\u00ed como a terceras empresas que nos prestan apoyo en los servicios que ofrecemos, tales como:<\/p>\n<ul>\n<li>TEXIA GUASCH GROUP, S.L.<\/li>\n<li>Fuerzas y Cuerpos de Seguridad<\/li>\n<\/ul>\n<h2><span style=\"font-size: 12pt;\"><strong><u>Derechos de los usuarios<\/u><\/strong><\/span><\/h2>\n<p>Los usuarios que hayan facilitado datos de car\u00e1cter personal para que TEXIA FINISHING los trate disponen de los siguientes derechos:<\/p>\n<table>\n<tbody>\n<tr>\n<td width=\"283\"><strong>DERECHO DE ACCESO<\/strong><\/td>\n<td width=\"283\">El usuario tiene derecho a obtener de TEXIA FINISHING confirmaci\u00f3n de si se est\u00e1n tratando o no datos de car\u00e1cter personal que le conciernen, as\u00ed como a acceder a los datos personales que TEXIA FINISHING disponga.<\/td>\n<\/tr>\n<tr>\n<td width=\"283\"><strong>DERECHO DE RECTIFICACI\u00d3N<\/strong><\/td>\n<td width=\"283\">El usuario tiene derecho a solicitar que TEXIA FINISHING rectifique los datos inexactos que le conciernen. Tambi\u00e9n tendr\u00e1 derecho a que se completen los datos personales que sean incompletos, inclusive mediante una declaraci\u00f3n adicional.<\/td>\n<\/tr>\n<tr>\n<td width=\"283\"><strong>DERECHO DE SUPRESI\u00d3N\/DERECHO AL OLVIDO<\/strong><\/td>\n<td width=\"283\">El usuario tendr\u00e1 derecho a que TEXIA FINISHING suprima los datos personales que le conciernen, siempre teniendo en cuenta los requisitos establecidos en la legislaci\u00f3n vigente.<\/td>\n<\/tr>\n<tr>\n<td width=\"283\"><strong>DERECHO DE LIMITACI\u00d3N<\/strong><\/td>\n<td width=\"283\">El usuario tendr\u00e1 derecho a solicitar a TEXIA FINISHING la limitaci\u00f3n del tratamiento de los datos personales, siempre teniendo en cuenta los requisitos establecidos en la legislaci\u00f3n vigente.<\/td>\n<\/tr>\n<tr>\n<td width=\"283\"><strong>DERECHO DE PORTABILIDAD<\/strong><\/td>\n<td width=\"283\">El usuario tendr\u00e1 derecho a recibir de TEXIA FINISHING los datos personales que le incumban en un formato estructurado, de uso com\u00fan y lectura mec\u00e1nica, y a transmitirlos a otro responsable cuando el tratamiento se base en el consentimiento o en un contrato, y se efect\u00fae por medios automatizados.<\/td>\n<\/tr>\n<tr>\n<td width=\"283\"><strong>DERECHO DE OPOSICI\u00d3N<\/strong><\/td>\n<td width=\"283\">El usuario tiene derecho a oponerse a que TEXIA FINISHING trate los datos personales que le conciernen cuando estos sean objeto de un tratamiento basado en el inter\u00e9s p\u00fablico o leg\u00edtimo. En tal caso, TEXIA FINISHING dejar\u00e1 de tratar los datos, salvo por motivos leg\u00edtimos imperiosos o el ejercicio o defensa de posibles reclamaciones.<\/td>\n<\/tr>\n<tr>\n<td width=\"283\"><strong>DECISIONES INDIVIDUALES AUTOMATIZADAS<\/strong><\/td>\n<td width=\"283\">El usuario tendr\u00e1 derecho a no ser objeto de decisiones basadas \u00fanicamente en el tratamiento automatizado, incluida la elaboraci\u00f3n de perfiles, que produzca efectos jur\u00eddicos en \u00e9l o lo afecto significativamente de modo similar, siempre teniendo en cuenta los requisitos establecidos en la legislaci\u00f3n vigente.<\/td>\n<\/tr>\n<tr>\n<td width=\"283\"><strong>DERECHO A PRESENTAR UNA RECLAMACI\u00d3N<\/strong><\/td>\n<td width=\"283\">El usuario tiene derecho a presentar una reclamaci\u00f3n ante la <a href=\"http:\/\/www.agpd.es\/portalwebAGPD\/index-ides-idphp.php\">Agencia Espa\u00f1ola de Protecci\u00f3n de Datos<\/a> si considera que se vulneran los derechos anteriormente expuestos en la presente pol\u00edtica de privacidad o si considera que el tratamiento de datos personales que le conciernen infringe el Reglamento (UE) 2016\/679 del Parlamento Europeo y del Consejo, de 27 de abril de 2016 y la Ley Org\u00e1nica 3\/2018, de 5 de diciembre, de Protecci\u00f3n de Datos Personales y garant\u00eda de los derechos digitales.<\/td>\n<\/tr>\n<\/tbody>\n<\/table>\n<p>&nbsp;<\/p>\n<p>El usuario podr\u00e1 ejercer los derechos descritos anteriormente dirigiendo una comunicaci\u00f3n por escrito a la direcci\u00f3n: Pol\u00edgono Industrial El Mas, s\/n, de la localidad de Monistrol de Montserrat (C.P. 08691 &#8211; Barcelona); o bien a trav\u00e9s de email gdpr@texia.com incluyendo en ambos casos fotocopia de su DNI u otro documento identificativo similar y asunto \u201cPROTECCI\u00d3N DE DATOS \u2013 TEXIA FINISHING\u201d.<\/p>\n<h2><span style=\"font-size: 12pt;\"><strong><u>Menores de edad<\/u><\/strong><\/span><\/h2>\n<p>Los menores de 13 a\u00f1os no podr\u00e1n usar los servicios disponibles en la presente <em>website<\/em> sin la previa autorizaci\u00f3n de sus padres, tutores o representantes legales, quienes ser\u00e1n los \u00fanicos responsables de todos los actos realizados a trav\u00e9s de esta <em>website<\/em> por los menores a su cargo, incluyendo la cumplimentaci\u00f3n de los formularios con los datos personales de dichos menores y la marcaci\u00f3n, en su caso, de las casillas que los acompa\u00f1an.<\/p>\n<p>En este sentido, y en la medida en que TEXIA FINISHING no tiene capacidad para controlar si los usuarios son o no menores de edad, deber\u00e1n ser los padres, tutores o representantes legales quienes habiliten los mecanismos necesarios para evitar que los menores accedan a esta <em>website<\/em> y\/o faciliten datos de car\u00e1cter personal sin su supervisi\u00f3n, no admitiendo TEXIA FINISHING responsabilidad alguna al respecto.<strong>\u00a0<\/strong><\/p>\n<h2><span style=\"font-size: 12pt;\"><strong><u>Seguridad aplicada a los datos de car\u00e1cter personal<\/u><\/strong><\/span><\/h2>\n<p>Con el objeto de garantizar la seguridad e integridad de los datos facilitados que sean de car\u00e1cter personal, TEXIA FINISHING ha adoptado las medidas t\u00e9cnicas y organizativas necesarias con el objetivo de evitar la p\u00e9rdida de los datos, as\u00ed como el tratamiento o el acceso no autorizado de terceros tal y como estipula la legislaci\u00f3n vigente en la materia y habida cuenta del estado de la tecnolog\u00eda y la naturaleza de los datos almacenados.<strong>\u00a0<\/strong><\/p>\n<h2><span style=\"font-size: 12pt;\"><strong><u>Cambios en la pol\u00edtica de privacidad<\/u><\/strong><\/span><\/h2>\n<p>La presente Pol\u00edtica de Privacidad podr\u00e1 ser actualizada en cualquier momento en base a las necesidades propias de la website y futuros cambios legislativos en materia de privacidad, reserv\u00e1ndose TEXIA FINISHING este derecho en exclusiva.<\/p>\n<p>En caso de realizarse dicha modificaci\u00f3n, TEXIA FINISHING informar\u00e1 al usuario de los cambios en cuesti\u00f3n si son significativos para tu privacidad, de manera que se pueda revisar los cambios introducidos, a fin de valorar la oposici\u00f3n a los tratamientos de datos de car\u00e1cter personal o darse de baja en alg\u00fan servicio o funcionalidad. En cualquier caso, si se requiere el consentimiento para el tratamiento de datos de car\u00e1cter personal para finalidades diferentes previstas en la presente pol\u00edtica de privacidad, se solicitar\u00e1 el consentimiento del usuario seg\u00fan las previsiones de la normativa relativa a protecci\u00f3n de datos vigente en cada momento.<\/p>\n<p><strong>\u00a0<\/strong><\/p>\n<h3><span style=\"font-size: 12pt;\"><strong>Contacto con TEXIA FINISHING<\/strong><\/span><\/h3>\n<p>Pol\u00edgono Industrial El Mas, s\/n<\/p>\n<p>Monistrol de Montserrat (08691 &#8211; Barcelona)<\/p>\n<p>Tlf. 93.835.06.35<\/p>\n<p>gdpr@texia.com<\/p>\n<p>&nbsp;<\/p>\n<p>\u00daltima modificaci\u00f3n: 29 de abril de 2019<\/p>\n<p>&nbsp;<\/p>\n<p><strong>Texto legal desarrollado por: <\/strong><\/p>\n<p><strong>\u00c1rea Digital Abogados, S.L.P.<\/strong><\/p>\n<p><a href=\"http:\/\/adabogados.net\/contacto\">adabogados.net<\/a>[\/vc_column_text][\/vc_column][\/vc_row]<\/p>\n<\/div>","protected":false},"excerpt":{"rendered":"<p>[vc_row][vc_column][vc_column_text] POL\u00cdTICA DE PRIVACIDAD TEXIA FINISHING, S.A. (en adelante, TEXIA FINISHING) tiene como objetivo respetar la privacidad de sus usuarios y proteger los datos de car\u00e1cter personal que \u00e9stos puedan facilitar a TEXIA FINISHING. En respeto a la Ley Org\u00e1nica 3\/2018, de 5 de diciembre, de Protecci\u00f3n de Datos Personales y garant\u00eda de los derechos [&#8230;]<\/p>\n<p><a class=\"btn btn-secondary understrap-read-more-link\" href=\"https:\/\/texiafinishing.com\/es\/politica-de-privacidad\/\">Leer m\u00e1s&#8230;<span class=\"screen-reader-text\"> from Pol\u00edtica de privacidad<\/span><\/a><\/p>\n","protected":false},"author":1,"featured_media":0,"parent":0,"menu_order":0,"comment_status":"closed","ping_status":"closed","template":"","meta":{"_acf_changed":false,"footnotes":""},"class_list":["post-271","page","type-page","status-publish","hentry"],"acf":[],"_links":{"self":[{"href":"https:\/\/texiafinishing.com\/es\/wp-json\/wp\/v2\/pages\/271","targetHints":{"allow":["GET"]}}],"collection":[{"href":"https:\/\/texiafinishing.com\/es\/wp-json\/wp\/v2\/pages"}],"about":[{"href":"https:\/\/texiafinishing.com\/es\/wp-json\/wp\/v2\/types\/page"}],"author":[{"embeddable":true,"href":"https:\/\/texiafinishing.com\/es\/wp-json\/wp\/v2\/users\/1"}],"replies":[{"embeddable":true,"href":"https:\/\/texiafinishing.com\/es\/wp-json\/wp\/v2\/comments?post=271"}],"version-history":[{"count":0,"href":"https:\/\/texiafinishing.com\/es\/wp-json\/wp\/v2\/pages\/271\/revisions"}],"wp:attachment":[{"href":"https:\/\/texiafinishing.com\/es\/wp-json\/wp\/v2\/media?parent=271"}],"curies":[{"name":"wp","href":"https:\/\/api.w.org\/{rel}","templated":true}]}}